{"id":3842,"date":"2026-02-11T09:04:34","date_gmt":"2026-02-11T09:04:34","guid":{"rendered":"https:\/\/fazettes.com\/?product=elegance-romantique-la-serie-coeur-dore-%e2%9c%a8"},"modified":"2026-02-11T09:04:34","modified_gmt":"2026-02-11T09:04:34","slug":"elegance-romantique-la-serie-coeur-dore-%e2%9c%a8","status":"publish","type":"product","link":"https:\/\/fazettes.com\/?product=elegance-romantique-la-serie-coeur-dore-%e2%9c%a8","title":{"rendered":"\u00c9l\u00e9gance Romantique : La S\u00e9rie C\u0153ur Dor\u00e9 \u2728"},"content":{"rendered":"<p>\u00c9l\u00e9gance Romantique : La S\u00e9rie C\u0153ur Dor\u00e9 \u2728<br \/>\nLaissez-vous s\u00e9duire par la puret\u00e9 et la brillance de notre nouvelle collection. Un design minimaliste et intemporel qui c\u00e9l\u00e8bre l\u2019amour et la finesse. Chaque pi\u00e8ce, tout en courbes dor\u00e9es, est con\u00e7ue pour capturer la lumi\u00e8re et sublimer votre \u00e9clat naturel.<br \/>\nL\u2019ensemble complet se compose de :<br \/>\n\ud83d\udcff Collier \u00e0 maille serpent avec son pendentif c\u0153ur entrelac\u00e9<br \/>\n\u2728 Bracelet d\u00e9licat assorti pour un rappel tout en finesse<br \/>\n\ud83d\udc8d Bague au design \u00e9pur\u00e9 et moderne<br \/>\n\ud83d\udc8e Boucles d\u2019oreilles cr\u00e9oles c\u0153urs pour encadrer votre visage<br \/>\n\ud83d\udc9b Le pack complet \u00e0 seulement : 50 DT \ud83d\udc9b<br \/>\nQue ce soit pour affirmer votre style au quotidien ou pour offrir un cadeau charg\u00e9 de sens, cette parure dor\u00e9e est le symbole parfait de l\u2019\u00e9l\u00e9gance moderne.<br \/>\n\ud83d\udccd Disponible d\u00e8s maintenant !<\/p>\n","protected":false},"excerpt":{"rendered":"<p>\u00c9l\u00e9gance Romantique : La S\u00e9rie C\u0153ur Dor\u00e9 \u2728 Laissez-vous s\u00e9duire par la puret\u00e9 et la brillance de notre nouvelle collection. Un design minimaliste et intemporel qui c\u00e9l\u00e8bre l\u2019amour et la finesse. Chaque pi\u00e8ce, tout en courbes dor\u00e9es, est con\u00e7ue pour capturer la lumi\u00e8re et sublimer votre \u00e9clat naturel. L\u2019ensemble complet se compose de : \ud83d\udcff&#8230;<\/p>\n","protected":false},"featured_media":3839,"comment_status":"open","ping_status":"closed","template":"","meta":{"_bst_post_transparent":"","_bst_post_title":"","_bst_post_layout":"","_bst_post_sidebar_id":"","_bst_post_content_style":"","_bst_post_vertical_padding":"","_bst_post_feature":"","_bst_post_feature_position":"","_bst_post_header":false,"_bst_post_footer":false},"product_brand":[],"product_cat":[134],"product_tag":[],"product_brands":[],"class_list":{"0":"post-3842","1":"product","2":"type-product","3":"status-publish","4":"has-post-thumbnail","6":"product_cat-series-complete","8":"first","9":"instock","10":"shipping-taxable","11":"purchasable","12":"product-type-simple","13":"entry","14":"content-bg","15":"loop-entry"},"jetpack_sharing_enabled":true,"_links":{"self":[{"href":"https:\/\/fazettes.com\/index.php?rest_route=\/wp\/v2\/product\/3842","targetHints":{"allow":["GET"]}}],"collection":[{"href":"https:\/\/fazettes.com\/index.php?rest_route=\/wp\/v2\/product"}],"about":[{"href":"https:\/\/fazettes.com\/index.php?rest_route=\/wp\/v2\/types\/product"}],"replies":[{"embeddable":true,"href":"https:\/\/fazettes.com\/index.php?rest_route=%2Fwp%2Fv2%2Fcomments&post=3842"}],"wp:featuredmedia":[{"embeddable":true,"href":"https:\/\/fazettes.com\/index.php?rest_route=\/wp\/v2\/media\/3839"}],"wp:attachment":[{"href":"https:\/\/fazettes.com\/index.php?rest_route=%2Fwp%2Fv2%2Fmedia&parent=3842"}],"wp:term":[{"taxonomy":"product_brand","embeddable":true,"href":"https:\/\/fazettes.com\/index.php?rest_route=%2Fwp%2Fv2%2Fproduct_brand&post=3842"},{"taxonomy":"product_cat","embeddable":true,"href":"https:\/\/fazettes.com\/index.php?rest_route=%2Fwp%2Fv2%2Fproduct_cat&post=3842"},{"taxonomy":"product_tag","embeddable":true,"href":"https:\/\/fazettes.com\/index.php?rest_route=%2Fwp%2Fv2%2Fproduct_tag&post=3842"},{"taxonomy":"product_brands","embeddable":true,"href":"https:\/\/fazettes.com\/index.php?rest_route=%2Fwp%2Fv2%2Fproduct_brands&post=3842"}],"curies":[{"name":"wp","href":"https:\/\/api.w.org\/{rel}","templated":true}]}}