{"id":3838,"date":"2026-02-11T09:03:00","date_gmt":"2026-02-11T09:03:00","guid":{"rendered":"https:\/\/fazettes.com\/?product=elegance-mysterieuse-la-serie-van-cleef-noire-%e2%9c%a8"},"modified":"2026-02-11T09:03:00","modified_gmt":"2026-02-11T09:03:00","slug":"elegance-mysterieuse-la-serie-van-cleef-noire-%e2%9c%a8","status":"publish","type":"product","link":"https:\/\/fazettes.com\/?product=elegance-mysterieuse-la-serie-van-cleef-noire-%e2%9c%a8","title":{"rendered":"\u00c9l\u00e9gance Myst\u00e9rieuse : La S\u00e9rie Van Cleef Noire \u2728"},"content":{"rendered":"<p>\u00c9l\u00e9gance Myst\u00e9rieuse : La S\u00e9rie Van Cleef Noire \u2728<br \/>\nSuccombez au charme intemporel de notre ensemble inspir\u00e9 de la c\u00e9l\u00e8bre maison Van Cleef. Un contraste saisissant entre l\u2019\u00e9clat de l\u2019or et la profondeur envo\u00fbtante du noir, con\u00e7u pour sublimer chacune de vos tenues avec une touche de sophistication.<br \/>\nL\u2019ensemble complet se compose de :<br \/>\n\ud83d\udcff Collier d\u00e9licat avec ses tr\u00e8fles iconiques<br \/>\n\u2728 Bracelet assorti pour habiller votre poignet<br \/>\n\ud83d\udc8d Bague \u00e9l\u00e9gante et r\u00e9glable<br \/>\n\ud83d\udc8e Boucles d\u2019oreilles discr\u00e8tes et raffin\u00e9es<br \/>\n\ud83d\udda4 Le pack complet \u00e0 seulement : 50 DT \ud83d\udda4<br \/>\nUne parure indispensable pour s\u2019offrir (ou offrir) un luxe abordable sans compromis sur le style.<br \/>\n\ud83d\udccd Disponible d\u00e8s maintenant !<\/p>\n","protected":false},"excerpt":{"rendered":"<p>\u00c9l\u00e9gance Myst\u00e9rieuse : La S\u00e9rie Van Cleef Noire \u2728 Succombez au charme intemporel de notre ensemble inspir\u00e9 de la c\u00e9l\u00e8bre maison Van Cleef. Un contraste saisissant entre l\u2019\u00e9clat de l\u2019or et la profondeur envo\u00fbtante du noir, con\u00e7u pour sublimer chacune de vos tenues avec une touche de sophistication. L\u2019ensemble complet se compose de : \ud83d\udcff&#8230;<\/p>\n","protected":false},"featured_media":3836,"comment_status":"open","ping_status":"closed","template":"","meta":{"_bst_post_transparent":"","_bst_post_title":"","_bst_post_layout":"","_bst_post_sidebar_id":"","_bst_post_content_style":"","_bst_post_vertical_padding":"","_bst_post_feature":"","_bst_post_feature_position":"","_bst_post_header":false,"_bst_post_footer":false},"product_brand":[],"product_cat":[134],"product_tag":[],"product_brands":[],"class_list":{"0":"post-3838","1":"product","2":"type-product","3":"status-publish","4":"has-post-thumbnail","6":"product_cat-series-complete","8":"first","9":"instock","10":"shipping-taxable","11":"purchasable","12":"product-type-simple","13":"entry","14":"content-bg","15":"loop-entry"},"jetpack_sharing_enabled":true,"_links":{"self":[{"href":"https:\/\/fazettes.com\/index.php?rest_route=\/wp\/v2\/product\/3838","targetHints":{"allow":["GET"]}}],"collection":[{"href":"https:\/\/fazettes.com\/index.php?rest_route=\/wp\/v2\/product"}],"about":[{"href":"https:\/\/fazettes.com\/index.php?rest_route=\/wp\/v2\/types\/product"}],"replies":[{"embeddable":true,"href":"https:\/\/fazettes.com\/index.php?rest_route=%2Fwp%2Fv2%2Fcomments&post=3838"}],"wp:featuredmedia":[{"embeddable":true,"href":"https:\/\/fazettes.com\/index.php?rest_route=\/wp\/v2\/media\/3836"}],"wp:attachment":[{"href":"https:\/\/fazettes.com\/index.php?rest_route=%2Fwp%2Fv2%2Fmedia&parent=3838"}],"wp:term":[{"taxonomy":"product_brand","embeddable":true,"href":"https:\/\/fazettes.com\/index.php?rest_route=%2Fwp%2Fv2%2Fproduct_brand&post=3838"},{"taxonomy":"product_cat","embeddable":true,"href":"https:\/\/fazettes.com\/index.php?rest_route=%2Fwp%2Fv2%2Fproduct_cat&post=3838"},{"taxonomy":"product_tag","embeddable":true,"href":"https:\/\/fazettes.com\/index.php?rest_route=%2Fwp%2Fv2%2Fproduct_tag&post=3838"},{"taxonomy":"product_brands","embeddable":true,"href":"https:\/\/fazettes.com\/index.php?rest_route=%2Fwp%2Fv2%2Fproduct_brands&post=3838"}],"curies":[{"name":"wp","href":"https:\/\/api.w.org\/{rel}","templated":true}]}}