{"id":2,"date":"2025-08-20T19:57:50","date_gmt":"2025-08-20T19:57:50","guid":{"rendered":"https:\/\/fazettes.com\/?page_id=2"},"modified":"2025-09-03T15:05:52","modified_gmt":"2025-09-03T15:05:52","slug":"sample-page","status":"publish","type":"page","link":"https:\/\/fazettes.com\/?page_id=2","title":{"rendered":"\u00c0 propos de Fazettes"},"content":{"rendered":"\t\t<div data-elementor-type=\"wp-page\" data-elementor-id=\"2\" class=\"elementor elementor-2\">\n\t\t\t\t<div class=\"elementor-element elementor-element-9eeeabc e-flex e-con-boxed e-con e-parent\" data-id=\"9eeeabc\" data-element_type=\"container\">\n\t\t\t\t\t<div class=\"e-con-inner\">\n\t\t\t\t<div class=\"elementor-element elementor-element-34569eee elementor-widget elementor-widget-text-editor\" data-id=\"34569eee\" data-element_type=\"widget\" data-widget_type=\"text-editor.default\">\n\t\t\t\t\t\t\t\t\t\n<h5><strong><em>Notre vision<\/em><\/strong><\/h5>\n\n<p>Chez Fazettes, nous croyons qu\u2019un accessoire n\u2019est jamais anodin. C\u2019est un d\u00e9tail qui peut transformer une impression, affirmer un style, et r\u00e9v\u00e9ler une personnalit\u00e9. Notre mission est simple : cr\u00e9er des gadgets et du gear qui allient efficacit\u00e9, esth\u00e9tique et singularit\u00e9, pour que chaque geste du quotidien devienne une signature.<\/p>\n\n<h5><strong><em>Nos origines<\/em><\/strong><\/h5>\n\n<p>Le mot faza, dans la culture tunisienne, d\u00e9signe une id\u00e9e brillante, un moment d\u2019ing\u00e9niosit\u00e9, un r\u00e9flexe malin. C\u2019est de l\u00e0 qu\u2019est n\u00e9e Fazettes : de l\u2019envie de donner \u00e0 chaque produit cette dimension intelligente et audacieuse. Inspir\u00e9s par l\u2019\u00e9nergie des rues, par le m\u00e9lange des cultures et par la pr\u00e9cision du design contemporain, nous avons construit une marque qui d\u00e9passe la simple fonction.<\/p>\n\n<h5><strong><em>Notre promesse<\/em><\/strong><\/h5>\n\n<p><span style=\"text-decoration: underline;\">Personnalit\u00e9<\/span> : chaque Fazettes est pens\u00e9 comme un objet qui vous ressemble, qui exprime votre identit\u00e9.<\/p>\n\n<p><span style=\"text-decoration: underline;\">Efficacit\u00e9<\/span> : nos produits sont con\u00e7us pour \u00eatre pratiques et fiables, afin de vous accompagner sans effort.<\/p>\n\n<p><span style=\"text-decoration: underline;\">Flow<\/span> : nous insufflons \u00e0 chaque cr\u00e9ation une attitude premium, urbaine et intemporelle.<\/p>\n\t\t\t\t\t\t\t\t<\/div>\n\t\t\t\t\t<\/div>\n\t\t\t\t<\/div>\n\t\t\t\t<\/div>\n\t\t","protected":false},"excerpt":{"rendered":"<p>Notre vision Chez Fazettes, nous croyons qu\u2019un accessoire n\u2019est jamais anodin. C\u2019est un d\u00e9tail qui peut transformer une impression, affirmer un style, et r\u00e9v\u00e9ler une personnalit\u00e9. Notre mission est simple : cr\u00e9er des gadgets et du gear qui allient efficacit\u00e9, esth\u00e9tique et singularit\u00e9, pour que chaque geste du quotidien devienne une signature. Nos origines Le&#8230;<\/p>\n","protected":false},"author":1,"featured_media":0,"parent":0,"menu_order":0,"comment_status":"closed","ping_status":"open","template":"","meta":{"_bst_post_transparent":"","_bst_post_title":"","_bst_post_layout":"","_bst_post_sidebar_id":"","_bst_post_content_style":"","_bst_post_vertical_padding":"","_bst_post_feature":"","_bst_post_feature_position":"","_bst_post_header":false,"_bst_post_footer":false,"footnotes":""},"class_list":["post-2","page","type-page","status-publish","hentry"],"jetpack_sharing_enabled":true,"_links":{"self":[{"href":"https:\/\/fazettes.com\/index.php?rest_route=\/wp\/v2\/pages\/2","targetHints":{"allow":["GET"]}}],"collection":[{"href":"https:\/\/fazettes.com\/index.php?rest_route=\/wp\/v2\/pages"}],"about":[{"href":"https:\/\/fazettes.com\/index.php?rest_route=\/wp\/v2\/types\/page"}],"author":[{"embeddable":true,"href":"https:\/\/fazettes.com\/index.php?rest_route=\/wp\/v2\/users\/1"}],"replies":[{"embeddable":true,"href":"https:\/\/fazettes.com\/index.php?rest_route=%2Fwp%2Fv2%2Fcomments&post=2"}],"version-history":[{"count":4,"href":"https:\/\/fazettes.com\/index.php?rest_route=\/wp\/v2\/pages\/2\/revisions"}],"predecessor-version":[{"id":2398,"href":"https:\/\/fazettes.com\/index.php?rest_route=\/wp\/v2\/pages\/2\/revisions\/2398"}],"wp:attachment":[{"href":"https:\/\/fazettes.com\/index.php?rest_route=%2Fwp%2Fv2%2Fmedia&parent=2"}],"curies":[{"name":"wp","href":"https:\/\/api.w.org\/{rel}","templated":true}]}}